{"id":3693,"date":"2025-10-14T16:09:53","date_gmt":"2025-10-14T19:09:53","guid":{"rendered":"https:\/\/blog.sakata.com.br\/es\/?page_id=3693"},"modified":"2025-10-14T16:21:16","modified_gmt":"2025-10-14T19:21:16","slug":"politica-de-privacidad","status":"publish","type":"page","link":"https:\/\/blog.sakata.com.br\/es\/politica-de-privacidad\/","title":{"rendered":"POL\u00cdTICA DE PRIVACIDAD"},"content":{"rendered":"<div class=\"box-texto\">\n<p>\u00a1Bienvenido a la plataforma Sakata Seed Sudamerica! Nuestra Pol\u00edtica de Privacidad se basa en las mejores pr\u00e1cticas de gesti\u00f3n y relaci\u00f3n con todos los interesados \u200b\u200ben nuestra organizaci\u00f3n y estamos comprometidos a salvaguardar los datos personales de todos los que, en virtud de la relaci\u00f3n con nuestra empresa, proporcionan estos datos, en consonancia con la legislaci\u00f3n vigente, en particular la Ley de Protecci\u00f3n de Datos General (LGPD).<\/p>\n<h2>Definiciones:<\/h2>\n<table class=\"tabela\" border=\"0\" cellspacing=\"0\" cellpadding=\"0\">\n<tbody>\n<tr>\n<td>LGPD (Ley General de Protecci\u00f3n de Datos)<\/td>\n<td>Ley N\u00b0 13.709\/2018, que entr\u00f3 en vigencia el 18 de septiembre de 2020, y establece el procesamiento de los datos personales, incluidos los medios digitales, realizados por una entidad legal regida por la ley p\u00fablica o privada, con el objetivo de proteger los derechos fundamentales de libertad y privacidad y desarrollo libre de la personalidad de la persona natural, acorde con el art\u00edculo 1 de la LGPD.<\/td>\n<\/tr>\n<tr>\n<td>Datos personales<\/td>\n<td>Cualquier informaci\u00f3n que pueda identificar o hacer que una persona natural sea identificada o identificable, seg\u00fan el art\u00edculo 5, inciso I, de la LGPD.<\/td>\n<\/tr>\n<tr>\n<td>Cookies<\/td>\n<td>Peque\u00f1as secciones de texto utilizadas para almacenar informaciones en navegadores web. Las cookies se utilizan para almacenar y recibir identificadores y otras informaciones sobre computadoras, tel\u00e9fonos y otros dispositivos. En general, una cookie contiene el nombre del sitio que la origin\u00f3, su vida \u00fatil y un valor, que se genera aleatoriamente.<\/td>\n<\/tr>\n<tr>\n<td>Titular<\/td>\n<td>Persona natural a quien se refieren los datos personales que son objeto de tratamiento, seg\u00fan el art\u00edculo 5, inciso V, de la LGPD.<\/td>\n<\/tr>\n<tr>\n<td>Usuario<\/td>\n<td>Personal natural que accede al sitio (www.sakata.com.br) para diferentes fines, sea de consulta, contacto, registro y otros.<\/td>\n<\/tr>\n<tr>\n<td>Encargado<\/td>\n<td>Persona indicada por el Controlador\/Operador para desempe\u00f1arse como un canal de comunicaci\u00f3n entre el Controlador\/Operador, los Titulares de los datos y la Autoridad Nacional de Protecci\u00f3n de Datos (ANPD).<\/td>\n<\/tr>\n<tr>\n<td>Controlador<\/td>\n<td>El Controlador es el responsable de las decisiones respecto del procesamiento de los datos personales. En este caso, Sakata Seed Sudamerica es el Controlador.<\/td>\n<\/tr>\n<\/tbody>\n<\/table>\n<p><strong>1.<\/strong> Organizaci\u00f3n responsable del tratamiento: todos los datos personales recopilados en este sitio son tratados exclusivamente por Sakata Seed Sudamerica.<\/p>\n<p><strong>2.<\/strong> Datos personales tratados, finalidades, almacenamiento y plazo:<\/p>\n<p>Al navegar por el sitio web Sakata Seed Sudamerica, el Usuario podr\u00e1 realizar solicitudes, encuestas y consultas a las informaciones disponibles, y eventualmente proporcionar datos personales para obtener las informaciones solicitadas. Usaremos estos datos espec\u00edficamente para el prop\u00f3sito solicitado, y los mantendremos seguros dentro de nuestros sistemas, durante el tiempo requerido para lograr los objetivos definidos, seg\u00fan el art\u00edculo 7, inciso IX de la LGPD.<\/p>\n<p>En la secci\u00f3n \u00abTrabaje con Nosotros\u00bb, al enviar su curr\u00edculum al correo electr\u00f3nico exclusivo para el reclutamiento y selecci\u00f3n, el Usuario recibir\u00e1 una respuesta autom\u00e1tica, aclarando sobre el uso y protecci\u00f3n del mismo en nuestros servidores, para que pueda aceptar los T\u00e9rminos, seg\u00fan el art\u00edculo. 7, inciso I, de la LGPD.<\/p>\n<p>En la secci\u00f3n \u00abReg\u00edstrese y reciba las novedades de Sakata\u00bb, el Usuario podr\u00e1 ingresar su propio correo electr\u00f3nico para unirse a la lista de contactos de Sakata Seed Sudamerica, con el fin de recibir noticias y novedades sobre la compa\u00f1\u00eda, seg\u00fan el art\u00edculo 7, inciso I, de la LGPD.<br \/>\nCualesquier otros datos personales de identificaci\u00f3n recopilados con respecto a la fecha y hora de uso de una direcci\u00f3n IP dada, tendr\u00e1n el prop\u00f3sito de cumplir con las obligaciones establecidas por el Marco Civil de Internet en Brasil \u2013 Ley N\u00b0 12.965\/2014.<\/p>\n<p>Sakata Seed Sudamerica almacena los datos personales para el per\u00edodo requerido con el fin de dar por concluido el prop\u00f3sito para el cual fueron recolectados, o deja de hacerlo efectivo cuando hay alguna raz\u00f3n legal o prop\u00f3sito leg\u00edtimo que justifique la continuidad del tratamiento.<\/p>\n<p><strong>3.<\/strong> Cookies: al acceder al sitio web de Sakata Seed Sudamerica (www.sakata.com.br), o cualquier otro sitio de propiedad de la compa\u00f1\u00eda, se lleva a cabo la recopilaci\u00f3n autom\u00e1tica de las cookies de los Usuarios. Las cookies pueden identificar directa o indirectamente a un Usuario en particular, como la direcci\u00f3n IP utilizada, su ubicaci\u00f3n geogr\u00e1fica aproximada, el registro de las p\u00e1ginas visitadas, los tiempos de visita y otras informaciones agregadas, sin embargo, el sitio puede fallar en su funcionamiento si el uso de cookies del navegador ha sido desactivado, en virtud de que ciertas cookies son necesarias para el funcionamiento del sitio, a saber:<\/p>\n<ul class=\"lista\">\n<li>Cookies esenciales: necesarias para acceder a \u00e1reas espec\u00edficas del sitio web, sin las cuales no se pueden proporcionar los servicios que lo requieran;<\/li>\n<li>Cookies anal\u00edticas o de rendimiento: se utilizan para analizar c\u00f3mo los Usuarios usan el sitio web y monitorear su rendimiento. Se utilizan para la creaci\u00f3n y la realizaci\u00f3n de an\u00e1lisis estad\u00edsticos sin recopilar informaciones de car\u00e1cter personal;<\/li>\n<li>Cookies de funcionalidad: nos permiten recordar las preferencias de los Usuarios y suministrar servicios m\u00e1s personalizados, adem\u00e1s de evitar la necesidad del Usuario de configurar el sitio tras cada visita;<\/li>\n<li>Cookies de terceros: miden el \u00e9xito de las aplicaciones y la efectividad de la publicidad de terceros en nuestro sitio web;<\/li>\n<li>Cookies publicitarias: la publicidad de acuerdo con los intereses y el n\u00famero de visitas de cada Usuario y ayudan a medir la efectividad de cada publicidad.<\/li>\n<li>Cookies permanentes: se almacenan en el navegador de Internet del dispositivo de acceso del Usuario y se utilizan para dirigir la navegaci\u00f3n de acuerdo con sus intereses;<\/li>\n<li>Cookies de sesi\u00f3n: temporales, permanecen en el navegador de Internet durante el tiempo que se usa el sitio.<\/li>\n<li>Desactivar cookies: las cookies no necesarias para la operaci\u00f3n del sitio pueden ser desactivadas por el titular. Se pueden configurar diferentes navegadores para notificar al Usuario de la recepci\u00f3n de las cookies y, si lo desea, evitar su instalaci\u00f3n en la computadora. Asimismo, el Usuario puede revisar en su navegador qu\u00e9 cookies instal\u00f3 y cu\u00e1l es su fecha de vencimiento, y puede excluirlas.<\/li>\n<\/ul>\n<p><strong>4.<\/strong> Ni\u00f1os: No recopilamos conscientemente datos personales de ni\u00f1os. Si tomamos conocimiento de la recolecci\u00f3n de datos personales de un ni\u00f1o, tomaremos medidas destinadas a eliminarlos.<\/p>\n<p><strong>5.<\/strong> Sakata Seed Sudamerica podr\u00e1 compartir los datos personales referidos anteriormente en los siguientes casos:<\/p>\n<ul class=\"lista\">\n<li>Autoridad p\u00fablica (judicial y extrajudicial), entidad gubernamental, agencia reguladora o fiscal competentes, ante las cuales Sakata Seed Sudamerica est\u00e1 sujeta a cumplir con la obligaci\u00f3n legal o regulatoria o de acuerdo con la legislaci\u00f3n local aplicable;<\/li>\n<li>Proveedores de servicios de tecnolog\u00eda;<\/li>\n<\/ul>\n<p><strong>6.<\/strong> Ante la necesidad de efectuarse transferencias internacionales de datos personales, Sakata Seed Sudamerica evaluar\u00e1 la aplicaci\u00f3n de las leyes internacionales concernientes a la operaci\u00f3n de procesamiento antes mencionada, con el fin de determinar el grado adecuado de protecci\u00f3n de datos o verificar otras medidas de protecci\u00f3n implementadas, como cl\u00e1usulas contractuales espec\u00edficas.<\/p>\n<p><strong>7.<\/strong> Derechos de los Titulares de los datos: El Titular de los datos personales podr\u00e1 ejercer, en cualquier momento, los siguientes derechos garantizados, seg\u00fan el art\u00edculo 17 y siguientes de la LGPD, en la medida de lo posible y dentro de los l\u00edmites legales.<\/p>\n<ul class=\"lista\">\n<li>Acceso a los datos recolectados y confirmaci\u00f3n de la existencia de tratamiento: todo Titular de los datos tiene derecho a obtener de Sakata Seed Sudamerica la confirmaci\u00f3n de que sus datos son tratados, con qu\u00e9 fines y cu\u00e1les son dichos datos.<\/li>\n<li>Solicitud de correcci\u00f3n, supresi\u00f3n, rectificaci\u00f3n, transferencia, limitaci\u00f3n, oposici\u00f3n, revocaci\u00f3n de consentimiento e informaci\u00f3n de las entidades con las que se compartieron datos: en cualquier momento el Titular de los datos podr\u00e1 ejercer cualesquiera de estos derechos, seg\u00fan corresponda, contact\u00e1ndose con el Encargado, seg\u00fan el \u00edtem 7 de este documento.<\/li>\n<\/ul>\n<p>Para ejercer estos derechos, el Titular podr\u00e1 enviar una solicitud directa y gratuita a trav\u00e9s del correo electr\u00f3nico: <a href=\"mailto: leandro.sapatini@sakata.com.br\">leandro.sapatini@sakata.com.br<\/a><\/p>\n<p><strong>8.<\/strong> Enlaces de terceros: el sitio web podr\u00e1 contener algunos enlaces, complementos y aplicaciones de terceros. Recomendamos que el Titular lea la Pol\u00edtica de Privacidad del respectivo tercero antes de acceder a su sitio web.<\/p>\n<p><strong>9.<\/strong> Estar de acuerdo: Al usar el sitio, los Usuarios aceptan esta Pol\u00edtica de Privacidad y todas las especificaciones contenidas en este documento.<\/p>\n<p><strong>10.<\/strong> Contacto del Encargado: En caso de eventuales dudas, se ruega contactarse mediante el enlace del sitio web o con el Encargado de protecci\u00f3n de datos: Leandro Sapatini \u2013 Tel\u00e9fono +55 11 99863-8035 \u2013 correo electr\u00f3nico: <a href=\"mailto: leandro.sapatini@sakata.com.br\">leandro.sapatini@sakata.com.br<\/a><\/p>\n<p><strong>11.<\/strong> C\u00f3mo mantenemos seguros los datos: Estamos empe\u00f1ados en proteger los datos personales de nuestros Usuarios. Con este fin, hemos puesto en pr\u00e1ctica un programa de gobierno, que incluye medidas t\u00e9cnicas y organizativas apropiadas para ayudar a proteger la seguridad de sus datos personales.<\/p>\n<p><strong>12.<\/strong> Cambios en la Pol\u00edtica de Privacidad: Las leyes y herramientas utilizadas por Sakata Seed Sudamerica est\u00e1n en constante evoluci\u00f3n y puede ser necesario actualizar esta pol\u00edtica. Por tal motivo, y tras cada cambio en esta Pol\u00edtica de Privacidad, actualizaremos la fecha de la \u00faltima modificaci\u00f3n.<\/p>\n<p><strong>13.<\/strong> La eventual tolerancia de cualquier violaci\u00f3n de los t\u00e9rminos y condiciones contenidos en este dominio por parte de cualquier Usuario, ser\u00e1 considerada mera liberalidad y no podr\u00e1 ser interpretada como novaci\u00f3n, precedente o renuncia de derechos, derecho adquirido, as\u00ed como alteraci\u00f3n t\u00e1cita de t\u00e9rminos contractuales.<\/p>\n<p><strong>14.<\/strong> En caso de que alguna disposici\u00f3n de esta Pol\u00edtica sea considerada inaplicable o sin efecto, las dem\u00e1s disposiciones de estas normas permanecen en vigor, sin que haya necesidad de una medida judicial que declare tal condici\u00f3n, de conformidad con la legislaci\u00f3n brasile\u00f1a.<\/p>\n<p>Versi\u00f3n 1 &#8211; Fecha de la \u00faltima modificaci\u00f3n: 25 de mayo de 2022.<\/p>\n<\/div>\n","protected":false},"excerpt":{"rendered":"<p>\u00a1Bienvenido a la plataforma Sakata Seed Sudamerica! Nuestra Pol\u00edtica de Privacidad se basa en las mejores pr\u00e1cticas de gesti\u00f3n y relaci\u00f3n con todos los interesados \u200b\u200ben nuestra organizaci\u00f3n y estamos comprometidos a salvaguardar los datos personales de todos los que, en virtud de la relaci\u00f3n con nuestra empresa, proporcionan estos datos, en consonancia con la legislaci\u00f3n vigente, en particular la Ley de Protecci\u00f3n de Datos General (LGPD). Definiciones: LGPD (Ley General de Protecci\u00f3n de Datos) Ley N\u00b0 13.709\/2018, que entr\u00f3 en vigencia el 18 de septiembre de 2020, y establece el procesamiento de los datos personales, incluidos los medios digitales, realizados por una entidad legal regida por la ley p\u00fablica o privada, con el objetivo de proteger los derechos fundamentales &hellip; <\/p>\n<p class=\"link-more\"><a href=\"https:\/\/blog.sakata.com.br\/es\/politica-de-privacidad\/\" class=\"more-link\">Continuar leyendo<span class=\"screen-reader-text\"> \u00abPOL\u00cdTICA DE PRIVACIDAD\u00bb<\/span><\/a><\/p>\n","protected":false},"author":1,"featured_media":0,"parent":0,"menu_order":0,"comment_status":"closed","ping_status":"closed","template":"","meta":{"footnotes":""},"class_list":["post-3693","page","type-page","status-publish","hentry"],"yoast_head":"<!-- This site is optimized with the Yoast SEO plugin v26.8 - https:\/\/yoast.com\/product\/yoast-seo-wordpress\/ -->\n<title>POL\u00cdTICA DE PRIVACIDAD - Sakata Seed Sudamerica - Espa\u00f1ol<\/title>\n<meta name=\"robots\" content=\"index, follow, max-snippet:-1, max-image-preview:large, max-video-preview:-1\" \/>\n<link rel=\"canonical\" href=\"https:\/\/blog.sakata.com.br\/es\/politica-de-privacidad\/\" \/>\n<meta property=\"og:locale\" content=\"es_ES\" \/>\n<meta property=\"og:type\" content=\"article\" \/>\n<meta property=\"og:title\" content=\"POL\u00cdTICA DE PRIVACIDAD - Sakata Seed Sudamerica - Espa\u00f1ol\" \/>\n<meta property=\"og:description\" content=\"\u00a1Bienvenido a la plataforma Sakata Seed Sudamerica! Nuestra Pol\u00edtica de Privacidad se basa en las mejores pr\u00e1cticas de gesti\u00f3n y relaci\u00f3n con todos los interesados \u200b\u200ben nuestra organizaci\u00f3n y estamos comprometidos a salvaguardar los datos personales de todos los que, en virtud de la relaci\u00f3n con nuestra empresa, proporcionan estos datos, en consonancia con la legislaci\u00f3n vigente, en particular la Ley de Protecci\u00f3n de Datos General (LGPD). Definiciones: LGPD (Ley General de Protecci\u00f3n de Datos) Ley N\u00b0 13.709\/2018, que entr\u00f3 en vigencia el 18 de septiembre de 2020, y establece el procesamiento de los datos personales, incluidos los medios digitales, realizados por una entidad legal regida por la ley p\u00fablica o privada, con el objetivo de proteger los derechos fundamentales &hellip; Continuar leyendo &quot;POL\u00cdTICA DE PRIVACIDAD&quot;\" \/>\n<meta property=\"og:url\" content=\"https:\/\/blog.sakata.com.br\/es\/politica-de-privacidad\/\" \/>\n<meta property=\"og:site_name\" content=\"Sakata Seed Sudamerica - Espa\u00f1ol\" \/>\n<meta property=\"article:modified_time\" content=\"2025-10-14T19:21:16+00:00\" \/>\n<meta name=\"twitter:card\" content=\"summary_large_image\" \/>\n<meta name=\"twitter:label1\" content=\"Tiempo de lectura\" \/>\n\t<meta name=\"twitter:data1\" content=\"7 minutos\" \/>\n<script type=\"application\/ld+json\" class=\"yoast-schema-graph\">{\"@context\":\"https:\/\/schema.org\",\"@graph\":[{\"@type\":\"WebPage\",\"@id\":\"https:\/\/blog.sakata.com.br\/es\/politica-de-privacidad\/\",\"url\":\"https:\/\/blog.sakata.com.br\/es\/politica-de-privacidad\/\",\"name\":\"POL\u00cdTICA DE PRIVACIDAD - Sakata Seed Sudamerica - Espa\u00f1ol\",\"isPartOf\":{\"@id\":\"https:\/\/blog.sakata.com.br\/es\/#website\"},\"datePublished\":\"2025-10-14T19:09:53+00:00\",\"dateModified\":\"2025-10-14T19:21:16+00:00\",\"breadcrumb\":{\"@id\":\"https:\/\/blog.sakata.com.br\/es\/politica-de-privacidad\/#breadcrumb\"},\"inLanguage\":\"es\",\"potentialAction\":[{\"@type\":\"ReadAction\",\"target\":[\"https:\/\/blog.sakata.com.br\/es\/politica-de-privacidad\/\"]}]},{\"@type\":\"BreadcrumbList\",\"@id\":\"https:\/\/blog.sakata.com.br\/es\/politica-de-privacidad\/#breadcrumb\",\"itemListElement\":[{\"@type\":\"ListItem\",\"position\":1,\"name\":\"In\u00edcio\",\"item\":\"https:\/\/blog.sakata.com.br\/es\/\"},{\"@type\":\"ListItem\",\"position\":2,\"name\":\"POL\u00cdTICA DE PRIVACIDAD\"}]},{\"@type\":\"WebSite\",\"@id\":\"https:\/\/blog.sakata.com.br\/es\/#website\",\"url\":\"https:\/\/blog.sakata.com.br\/es\/\",\"name\":\"Sakata Seed Sudamerica - Espa\u00f1ol\",\"description\":\"Sakata Seed Sudamerica\",\"potentialAction\":[{\"@type\":\"SearchAction\",\"target\":{\"@type\":\"EntryPoint\",\"urlTemplate\":\"https:\/\/blog.sakata.com.br\/es\/?s={search_term_string}\"},\"query-input\":{\"@type\":\"PropertyValueSpecification\",\"valueRequired\":true,\"valueName\":\"search_term_string\"}}],\"inLanguage\":\"es\"}]}<\/script>\n<!-- \/ Yoast SEO plugin. -->","yoast_head_json":{"title":"POL\u00cdTICA DE PRIVACIDAD - Sakata Seed Sudamerica - Espa\u00f1ol","robots":{"index":"index","follow":"follow","max-snippet":"max-snippet:-1","max-image-preview":"max-image-preview:large","max-video-preview":"max-video-preview:-1"},"canonical":"https:\/\/blog.sakata.com.br\/es\/politica-de-privacidad\/","og_locale":"es_ES","og_type":"article","og_title":"POL\u00cdTICA DE PRIVACIDAD - Sakata Seed Sudamerica - Espa\u00f1ol","og_description":"\u00a1Bienvenido a la plataforma Sakata Seed Sudamerica! Nuestra Pol\u00edtica de Privacidad se basa en las mejores pr\u00e1cticas de gesti\u00f3n y relaci\u00f3n con todos los interesados \u200b\u200ben nuestra organizaci\u00f3n y estamos comprometidos a salvaguardar los datos personales de todos los que, en virtud de la relaci\u00f3n con nuestra empresa, proporcionan estos datos, en consonancia con la legislaci\u00f3n vigente, en particular la Ley de Protecci\u00f3n de Datos General (LGPD). Definiciones: LGPD (Ley General de Protecci\u00f3n de Datos) Ley N\u00b0 13.709\/2018, que entr\u00f3 en vigencia el 18 de septiembre de 2020, y establece el procesamiento de los datos personales, incluidos los medios digitales, realizados por una entidad legal regida por la ley p\u00fablica o privada, con el objetivo de proteger los derechos fundamentales &hellip; Continuar leyendo \"POL\u00cdTICA DE PRIVACIDAD\"","og_url":"https:\/\/blog.sakata.com.br\/es\/politica-de-privacidad\/","og_site_name":"Sakata Seed Sudamerica - Espa\u00f1ol","article_modified_time":"2025-10-14T19:21:16+00:00","twitter_card":"summary_large_image","twitter_misc":{"Tiempo de lectura":"7 minutos"},"schema":{"@context":"https:\/\/schema.org","@graph":[{"@type":"WebPage","@id":"https:\/\/blog.sakata.com.br\/es\/politica-de-privacidad\/","url":"https:\/\/blog.sakata.com.br\/es\/politica-de-privacidad\/","name":"POL\u00cdTICA DE PRIVACIDAD - Sakata Seed Sudamerica - Espa\u00f1ol","isPartOf":{"@id":"https:\/\/blog.sakata.com.br\/es\/#website"},"datePublished":"2025-10-14T19:09:53+00:00","dateModified":"2025-10-14T19:21:16+00:00","breadcrumb":{"@id":"https:\/\/blog.sakata.com.br\/es\/politica-de-privacidad\/#breadcrumb"},"inLanguage":"es","potentialAction":[{"@type":"ReadAction","target":["https:\/\/blog.sakata.com.br\/es\/politica-de-privacidad\/"]}]},{"@type":"BreadcrumbList","@id":"https:\/\/blog.sakata.com.br\/es\/politica-de-privacidad\/#breadcrumb","itemListElement":[{"@type":"ListItem","position":1,"name":"In\u00edcio","item":"https:\/\/blog.sakata.com.br\/es\/"},{"@type":"ListItem","position":2,"name":"POL\u00cdTICA DE PRIVACIDAD"}]},{"@type":"WebSite","@id":"https:\/\/blog.sakata.com.br\/es\/#website","url":"https:\/\/blog.sakata.com.br\/es\/","name":"Sakata Seed Sudamerica - Espa\u00f1ol","description":"Sakata Seed Sudamerica","potentialAction":[{"@type":"SearchAction","target":{"@type":"EntryPoint","urlTemplate":"https:\/\/blog.sakata.com.br\/es\/?s={search_term_string}"},"query-input":{"@type":"PropertyValueSpecification","valueRequired":true,"valueName":"search_term_string"}}],"inLanguage":"es"}]}},"_links":{"self":[{"href":"https:\/\/blog.sakata.com.br\/es\/wp-json\/wp\/v2\/pages\/3693","targetHints":{"allow":["GET"]}}],"collection":[{"href":"https:\/\/blog.sakata.com.br\/es\/wp-json\/wp\/v2\/pages"}],"about":[{"href":"https:\/\/blog.sakata.com.br\/es\/wp-json\/wp\/v2\/types\/page"}],"author":[{"embeddable":true,"href":"https:\/\/blog.sakata.com.br\/es\/wp-json\/wp\/v2\/users\/1"}],"replies":[{"embeddable":true,"href":"https:\/\/blog.sakata.com.br\/es\/wp-json\/wp\/v2\/comments?post=3693"}],"version-history":[{"count":1,"href":"https:\/\/blog.sakata.com.br\/es\/wp-json\/wp\/v2\/pages\/3693\/revisions"}],"predecessor-version":[{"id":3694,"href":"https:\/\/blog.sakata.com.br\/es\/wp-json\/wp\/v2\/pages\/3693\/revisions\/3694"}],"wp:attachment":[{"href":"https:\/\/blog.sakata.com.br\/es\/wp-json\/wp\/v2\/media?parent=3693"}],"curies":[{"name":"wp","href":"https:\/\/api.w.org\/{rel}","templated":true}]}}